{"id":9547,"date":"2026-01-19T00:41:47","date_gmt":"2026-01-19T00:41:47","guid":{"rendered":"https:\/\/pulsgeneracije.rs\/?page_id=9547"},"modified":"2026-03-23T18:16:38","modified_gmt":"2026-03-23T18:16:38","slug":"donacije","status":"publish","type":"page","link":"https:\/\/pulsgeneracije.rs\/en\/donacije\/","title":{"rendered":"Donations"},"content":{"rendered":"\t\t<div data-elementor-type=\"wp-page\" data-elementor-id=\"9547\" class=\"elementor elementor-9547\">\n\t\t\t\t<div class=\"elementor-element elementor-element-f7305ed e-flex e-con-boxed pxl-row-scroll-none pxl-column-none pxl-full-content-with-space-none pxl-container-line-none pxl-container-video-background-none pxl-none overflow-visible e-con e-parent \" data-id=\"f7305ed\" data-element_type=\"container\" data-settings=\"{&quot;background_background&quot;:&quot;classic&quot;}\">\t\t\t<div class=\"e-con-inner\">\r\n\t\t\t\t<div class=\"elementor-element elementor-element-df032b0 elementor-widget__width-inherit pxl-none overflow-visible elementor-widget elementor-widget-pxl_divider\" data-id=\"df032b0\" data-element_type=\"widget\" data-widget_type=\"pxl_divider.default\">\n\t\t\t\t<div class=\"elementor-widget-container\">\n\t\t\t\t\t<div class=\"pxl-el-divider \" data-wow-delay=\"ms\"><\/div>\t\t\t\t<\/div>\n\t\t\t\t<\/div>\n\t\t\t\t<div class=\"elementor-element elementor-element-dd01f5e pxl-none overflow-visible elementor-widget elementor-widget-pxl_heading\" data-id=\"dd01f5e\" data-element_type=\"widget\" data-widget_type=\"pxl_heading.default\">\n\t\t\t\t<div class=\"elementor-widget-container\">\n\t\t\t\t\t\n<div id=\"pxl-pxl_heading-dd01f5e-6150\" class=\"pxl-heading   px-sub-title-default-style \">\n\t<div class=\"pxl-heading--inner\">\n\t\t\t\t\t<div class=\"pxl-item--subtitle px-sub-title-default \" data-wow-delay=\"ms\">\n\t\t\t\t<span class=\"pxl-item--subtext\"> \n\t\t\t\t\t\t\t\t\t\tdonacije\t\t\t\t<\/span>\n\t\t\t<\/div>\n\t\t\n\t\t<h3 class=\"pxl-item--title style-default color  highlight-default style-scroll-bg\" data-wow-delay=\"ms\">\n\t\t\t\t\tDa ne ostanemo bez Pulsa, doniraj!\n\t\n\t\t\t\n\t\t<\/h3>\n\t\t\n\t<\/div>\n<\/div>\t\t\t\t<\/div>\n\t\t\t\t<\/div>\n\t\t\t\t\t<\/div>\r\n\t\t\t\t<\/div>\r\n\t\t<div class=\"elementor-element elementor-element-7578290 e-flex e-con-boxed pxl-row-scroll-none pxl-column-none pxl-full-content-with-space-none pxl-container-line-none pxl-container-video-background-none pxl-none overflow-visible e-con e-parent \" data-id=\"7578290\" data-element_type=\"container\" data-settings=\"{&quot;background_background&quot;:&quot;classic&quot;}\">\t\t\t<div class=\"e-con-inner\">\r\n\t\t<div class=\"elementor-element elementor-element-f857e18 e-con-full e-flex pxl-row-scroll-none pxl-column-none pxl-full-content-with-space-none pxl-container-line-none pxl-container-video-background-none pxl-none overflow-visible e-con e-child \" data-id=\"f857e18\" data-element_type=\"container\"><div class=\"elementor-element elementor-element-92b0ea3 e-con-full e-flex pxl-row-scroll-none pxl-column-none pxl-full-content-with-space-none pxl-container-line-none pxl-container-video-background-none pxl-none overflow-visible e-con e-child \" data-id=\"92b0ea3\" data-element_type=\"container\" data-settings=\"{&quot;background_background&quot;:&quot;classic&quot;}\">\t\t<div class=\"elementor-element elementor-element-58e1c66 elementor-widget__width-auto pxl-none overflow-visible elementor-widget elementor-widget-pxl_heading\" data-id=\"58e1c66\" data-element_type=\"widget\" data-widget_type=\"pxl_heading.default\">\n\t\t\t\t<div class=\"elementor-widget-container\">\n\t\t\t\t\t\n<div id=\"pxl-pxl_heading-58e1c66-3802\" class=\"pxl-heading   px-sub-title-default-style \">\n\t<div class=\"pxl-heading--inner\">\n\t\t\n\t\t<h3 class=\"pxl-item--title style-default color  highlight-default \" data-wow-delay=\"ms\">\n\t\t\t\t\tBez oglasa. Bez cenzure. Bez kompromisa. Samo istina \u2013 uz va\u0161u podr\u0161ku.\t\n\t\t\t\n\t\t<\/h3>\n\t\t\n\t<\/div>\n<\/div>\t\t\t\t<\/div>\n\t\t\t\t<\/div>\n\t\t\t\t<div class=\"elementor-element elementor-element-2099d1d pxl-none overflow-visible elementor-widget elementor-widget-pxl_text_editor\" data-id=\"2099d1d\" data-element_type=\"widget\" data-widget_type=\"pxl_text_editor.default\">\n\t\t\t\t<div class=\"elementor-widget-container\">\n\t\t\t\t\t<div class=\"pxl-text-editor default \">\n\t<div class=\"pxl-item--inner  \" data-wow-delay=\"ms\">\n\t\t<p class=\"font-claude-response-body break-words whitespace-normal leading-[1.7]\">Kao nezavisna medijska organizacija, ne odgovaramo nikome osim na\u0161im gledaocima i \u010ditaocima. Va\u0161e donacije omogu\u0107avaju nam da:<\/p><ul class=\"[li_&amp;]:mb-0 [li_&amp;]:mt-1 [li_&amp;]:gap-1 [&amp;:not(:last-child)_ul]:pb-1 [&amp;:not(:last-child)_ol]:pb-1 list-disc flex flex-col gap-1 pl-8 mb-3\"><li class=\"whitespace-normal break-words pl-2\">Proizvodimo kvalitetan sadr\u017eaj bez uticaja sponzora<\/li><li class=\"whitespace-normal break-words pl-2\">Pokrivamo pri\u010de koje drugi ignori\u0161u<\/li><li class=\"whitespace-normal break-words pl-2\">Odr\u017eavamo profesionalni tim novinara i snimatelja<\/li><li class=\"whitespace-normal break-words pl-2\">Investiramo u opremu za jo\u0161 bolje izve\u0161tavanje&#8221;<\/li><\/ul>\t\t\n\t<\/div>\n<\/div>\t\t\t\t<\/div>\n\t\t\t\t<\/div>\n\t\t\t\t<div class=\"elementor-element elementor-element-e1a9a01 elementor-widget__width-initial pxl-none overflow-visible elementor-widget elementor-widget-pxl_list\" data-id=\"e1a9a01\" data-element_type=\"widget\" data-widget_type=\"pxl_list.default\">\n\t\t\t\t<div class=\"elementor-widget-container\">\n\t\t\t\t\t    <div class=\"pxl-list pxl-list1  default\" data-wow-delay=\"ms\">\r\n                    <div class=\"pxl--item\">\r\n                                                    <div class=\"pxl-item-content\">\r\n                        Pomozi nam da nastavimo da izve\u0161tavamo i ostanemo nezavisni.\n                    <\/div>\r\n                            <\/div>\r\n            <\/div>\r\n\t\t\t\t<\/div>\n\t\t\t\t<\/div>\n\t\t\t\t<\/div>\r\n\t\t\t\t<\/div>\r\n\t\t<div class=\"elementor-element elementor-element-3b08407 e-con-full e-flex pxl-row-scroll-none pxl-column-none pxl-full-content-with-space-none pxl-container-line-none pxl-container-video-background-none pxl-none overflow-visible e-con e-child \" data-id=\"3b08407\" data-element_type=\"container\"><div class=\"elementor-element elementor-element-36cc910 e-con-full e-flex pxl-row-scroll-none pxl-column-none pxl-full-content-with-space-none pxl-container-line-none pxl-container-video-background-none pxl-none overflow-visible e-con e-child \" data-id=\"36cc910\" data-element_type=\"container\" data-settings=\"{&quot;background_background&quot;:&quot;classic&quot;}\">\t\t<div class=\"elementor-element elementor-element-179a963 elementor-widget__width-auto pxl-none overflow-visible elementor-widget elementor-widget-pxl_heading\" data-id=\"179a963\" data-element_type=\"widget\" data-widget_type=\"pxl_heading.default\">\n\t\t\t\t<div class=\"elementor-widget-container\">\n\t\t\t\t\t\n<div id=\"pxl-pxl_heading-179a963-7659\" class=\"pxl-heading   px-sub-title-default-style \">\n\t<div class=\"pxl-heading--inner\">\n\t\t\n\t\t<h3 class=\"pxl-item--title style-default color  highlight-default \" data-wow-delay=\"ms\">\n\t\t\t\t\tHvala vam \u0161to podr\u017eavate nezavisno novinarstvo!\t\n\t\t\t\n\t\t<\/h3>\n\t\t\n\t<\/div>\n<\/div>\t\t\t\t<\/div>\n\t\t\t\t<\/div>\n\t\t<div class=\"elementor-element elementor-element-584ed27 e-con-full e-flex pxl-row-scroll-none pxl-column-none pxl-full-content-with-space-none pxl-container-line-none pxl-container-video-background-none pxl-none overflow-visible e-con e-child \" data-id=\"584ed27\" data-element_type=\"container\">\t\t<div class=\"elementor-element elementor-element-e5a5ba0 elementor-widget__width-initial pxl-none overflow-visible elementor-widget elementor-widget-pxl_list\" data-id=\"e5a5ba0\" data-element_type=\"widget\" data-widget_type=\"pxl_list.default\">\n\t\t\t\t<div class=\"elementor-widget-container\">\n\t\t\t\t\t    <div class=\"pxl-list pxl-list1  default\" data-wow-delay=\"ms\">\r\n                    <div class=\"pxl--item\">\r\n                                                    <div class=\"pxl-item-content\">\r\n                        Primalac:                    <\/div>\r\n                            <\/div>\r\n            <\/div>\r\n\t\t\t\t<\/div>\n\t\t\t\t<\/div>\n\t\t\t\t<div class=\"elementor-element elementor-element-259bdd6 elementor-widget__width-initial pxl-none overflow-visible elementor-widget elementor-widget-pxl_list\" data-id=\"259bdd6\" data-element_type=\"widget\" data-widget_type=\"pxl_list.default\">\n\t\t\t\t<div class=\"elementor-widget-container\">\n\t\t\t\t\t    <div class=\"pxl-list pxl-list1  default\" data-wow-delay=\"ms\">\r\n                    <div class=\"pxl--item\">\r\n                                                    <div class=\"pxl-item-content\">\r\n                        Puls Generacije                    <\/div>\r\n                            <\/div>\r\n            <\/div>\r\n\t\t\t\t<\/div>\n\t\t\t\t<\/div>\n\t\t\t\t<\/div>\r\n\t\t<div class=\"elementor-element elementor-element-d80c03e e-con-full e-flex pxl-row-scroll-none pxl-column-none pxl-full-content-with-space-none pxl-container-line-none pxl-container-video-background-none pxl-none overflow-visible e-con e-child \" data-id=\"d80c03e\" data-element_type=\"container\">\t\t<div class=\"elementor-element elementor-element-4278fd2 elementor-widget__width-initial pxl-none overflow-visible elementor-widget elementor-widget-pxl_list\" data-id=\"4278fd2\" data-element_type=\"widget\" data-widget_type=\"pxl_list.default\">\n\t\t\t\t<div class=\"elementor-widget-container\">\n\t\t\t\t\t    <div class=\"pxl-list pxl-list1  default\" data-wow-delay=\"ms\">\r\n                    <div class=\"pxl--item\">\r\n                                                    <div class=\"pxl-item-content\">\r\n                        Svrha uplate:                    <\/div>\r\n                            <\/div>\r\n            <\/div>\r\n\t\t\t\t<\/div>\n\t\t\t\t<\/div>\n\t\t\t\t<div class=\"elementor-element elementor-element-46e24bb elementor-widget__width-initial pxl-none overflow-visible elementor-widget elementor-widget-pxl_list\" data-id=\"46e24bb\" data-element_type=\"widget\" data-widget_type=\"pxl_list.default\">\n\t\t\t\t<div class=\"elementor-widget-container\">\n\t\t\t\t\t    <div class=\"pxl-list pxl-list1  default\" data-wow-delay=\"ms\">\r\n                    <div class=\"pxl--item\">\r\n                                                    <div class=\"pxl-item-content\">\r\n                        Donacija                    <\/div>\r\n                            <\/div>\r\n            <\/div>\r\n\t\t\t\t<\/div>\n\t\t\t\t<\/div>\n\t\t\t\t<\/div>\r\n\t\t<div class=\"elementor-element elementor-element-7e5fcf9 e-con-full e-flex pxl-row-scroll-none pxl-column-none pxl-full-content-with-space-none pxl-container-line-none pxl-container-video-background-none pxl-none overflow-visible e-con e-child \" data-id=\"7e5fcf9\" data-element_type=\"container\"><div class=\"elementor-element elementor-element-9941804 e-con-full e-flex pxl-row-scroll-none pxl-column-none pxl-full-content-with-space-none pxl-container-line-none pxl-container-video-background-none pxl-none overflow-visible e-con e-child \" data-id=\"9941804\" data-element_type=\"container\">\t\t<div class=\"elementor-element elementor-element-cfda085 elementor-widget__width-initial pxl-none overflow-visible elementor-widget elementor-widget-pxl_list\" data-id=\"cfda085\" data-element_type=\"widget\" data-widget_type=\"pxl_list.default\">\n\t\t\t\t<div class=\"elementor-widget-container\">\n\t\t\t\t\t    <div class=\"pxl-list pxl-list1  default\" data-wow-delay=\"ms\">\r\n                    <div class=\"pxl--item\">\r\n                                                    <div class=\"pxl-item-content\">\r\n                        Dinarski ra\u010dun:                    <\/div>\r\n                            <\/div>\r\n            <\/div>\r\n\t\t\t\t<\/div>\n\t\t\t\t<\/div>\n\t\t\t\t<div class=\"elementor-element elementor-element-b66dee2 elementor-widget__width-initial pxl-none overflow-visible elementor-widget elementor-widget-pxl_list\" data-id=\"b66dee2\" data-element_type=\"widget\" data-widget_type=\"pxl_list.default\">\n\t\t\t\t<div class=\"elementor-widget-container\">\n\t\t\t\t\t    <div class=\"pxl-list pxl-list1  default\" data-wow-delay=\"ms\">\r\n                    <div class=\"pxl--item\">\r\n                                                    <div class=\"pxl-item-content\">\r\n                        170-30075249000-91                    <\/div>\r\n                            <\/div>\r\n            <\/div>\r\n\t\t\t\t<\/div>\n\t\t\t\t<\/div>\n\t\t\t\t<\/div>\r\n\t\t<div class=\"elementor-element elementor-element-6c71901 e-con-full e-flex pxl-row-scroll-none pxl-column-none pxl-full-content-with-space-none pxl-container-line-none pxl-container-video-background-none pxl-none overflow-visible e-con e-child \" data-id=\"6c71901\" data-element_type=\"container\">\t\t<div class=\"elementor-element elementor-element-f2824c9 elementor-widget__width-initial pxl-none overflow-visible elementor-widget elementor-widget-pxl_list\" data-id=\"f2824c9\" data-element_type=\"widget\" data-widget_type=\"pxl_list.default\">\n\t\t\t\t<div class=\"elementor-widget-container\">\n\t\t\t\t\t    <div class=\"pxl-list pxl-list1  default\" data-wow-delay=\"ms\">\r\n                    <div class=\"pxl--item\">\r\n                                                    <div class=\"pxl-item-content\">\r\n                        Devizni ra\u010dun:                    <\/div>\r\n                            <\/div>\r\n            <\/div>\r\n\t\t\t\t<\/div>\n\t\t\t\t<\/div>\n\t\t\t\t<div class=\"elementor-element elementor-element-3e548f5 elementor-widget__width-initial pxl-none overflow-visible elementor-widget elementor-widget-pxl_list\" data-id=\"3e548f5\" data-element_type=\"widget\" data-widget_type=\"pxl_list.default\">\n\t\t\t\t<div class=\"elementor-widget-container\">\n\t\t\t\t\t    <div class=\"pxl-list pxl-list1  default\" data-wow-delay=\"ms\">\r\n                    <div class=\"pxl--item\">\r\n                                                    <div class=\"pxl-item-content\">\r\n                        RS35170003007524900188                    <\/div>\r\n                            <\/div>\r\n            <\/div>\r\n\t\t\t\t<\/div>\n\t\t\t\t<\/div>\n\t\t\t\t<\/div>\r\n\t\t\t\t<\/div>\r\n\t\t\t\t<div class=\"elementor-element elementor-element-da64ccd pxl-none overflow-visible elementor-widget elementor-widget-pxl_text_editor\" data-id=\"da64ccd\" data-element_type=\"widget\" data-widget_type=\"pxl_text_editor.default\">\n\t\t\t\t<div class=\"elementor-widget-container\">\n\t\t\t\t\t<div class=\"pxl-text-editor default \">\n\t<div class=\"pxl-item--inner  \" data-wow-delay=\"ms\">\n\t\t<p class=\"font-claude-response-body break-words whitespace-normal leading-[1.7]\">Donacija se mo\u017ee uplatiti u bilo kojoj banci i po\u0161ti u Srbiji.<\/p>\t\t\n\t<\/div>\n<\/div>\t\t\t\t<\/div>\n\t\t\t\t<\/div>\n\t\t\t\t<\/div>\r\n\t\t\t\t<\/div>\r\n\t\t\t\t\t<\/div>\r\n\t\t\t\t<\/div>\r\n\t\t\t\t<\/div>\n\t\t","protected":false},"excerpt":{"rendered":"<p>donacije Da ne ostanemo bez Pulsa, doniraj! Bez oglasa. Bez cenzure. Bez kompromisa. Samo istina \u2013 uz va\u0161u podr\u0161ku. Kao nezavisna medijska organizacija, ne odgovaramo nikome osim na\u0161im gledaocima i \u010ditaocima. Va\u0161e donacije omogu\u0107avaju nam da: Proizvodimo kvalitetan sadr\u017eaj bez uticaja sponzora Pokrivamo pri\u010de koje drugi ignori\u0161u Odr\u017eavamo profesionalni tim novinara i snimatelja Investiramo u [&hellip;]<\/p>\n","protected":false},"author":1,"featured_media":0,"parent":0,"menu_order":0,"comment_status":"closed","ping_status":"closed","template":"","meta":{"_acf_changed":false,"footnotes":""},"class_list":["post-9547","page","type-page","status-publish","hentry"],"acf":[],"yoast_head":"<!-- This site is optimized with the Yoast SEO plugin v26.8 - https:\/\/yoast.com\/product\/yoast-seo-wordpress\/ -->\n<title>Donacije - Puls Generacije<\/title>\n<meta name=\"description\" content=\"Podr\u017eite Puls Generacije - donacije omogu\u0107avaju nezavisno novinarstvo. Bez oglasa, cenzure i kompromisa. Va\u0161a podr\u0161ka = slobodne informacije.\" \/>\n<meta name=\"robots\" content=\"index, follow, max-snippet:-1, max-image-preview:large, max-video-preview:-1\" \/>\n<link rel=\"canonical\" href=\"https:\/\/pulsgeneracije.rs\/en\/donacije\/\" \/>\n<meta property=\"og:locale\" content=\"en_US\" \/>\n<meta property=\"og:type\" content=\"article\" \/>\n<meta property=\"og:title\" content=\"Donacije - Puls Generacije\" \/>\n<meta property=\"og:description\" content=\"Podr\u017eite Puls Generacije - donacije omogu\u0107avaju nezavisno novinarstvo. Bez oglasa, cenzure i kompromisa. Va\u0161a podr\u0161ka = slobodne informacije.\" \/>\n<meta property=\"og:url\" content=\"https:\/\/pulsgeneracije.rs\/en\/donacije\/\" \/>\n<meta property=\"og:site_name\" content=\"Puls Generacije\" \/>\n<meta property=\"article:modified_time\" content=\"2026-03-23T18:16:38+00:00\" \/>\n<meta name=\"twitter:card\" content=\"summary_large_image\" \/>\n<meta name=\"twitter:label1\" content=\"Est. reading time\" \/>\n\t<meta name=\"twitter:data1\" content=\"1 minute\" \/>\n<script type=\"application\/ld+json\" class=\"yoast-schema-graph\">{\"@context\":\"https:\/\/schema.org\",\"@graph\":[{\"@type\":\"WebPage\",\"@id\":\"https:\/\/pulsgeneracije.rs\/donacije\/\",\"url\":\"https:\/\/pulsgeneracije.rs\/donacije\/\",\"name\":\"Donacije - Puls Generacije\",\"isPartOf\":{\"@id\":\"https:\/\/pulsgeneracije.rs\/#website\"},\"datePublished\":\"2026-01-19T00:41:47+00:00\",\"dateModified\":\"2026-03-23T18:16:38+00:00\",\"description\":\"Podr\u017eite Puls Generacije - donacije omogu\u0107avaju nezavisno novinarstvo. Bez oglasa, cenzure i kompromisa. Va\u0161a podr\u0161ka = slobodne informacije.\",\"breadcrumb\":{\"@id\":\"https:\/\/pulsgeneracije.rs\/donacije\/#breadcrumb\"},\"inLanguage\":\"en-US\",\"potentialAction\":[{\"@type\":\"ReadAction\",\"target\":[\"https:\/\/pulsgeneracije.rs\/donacije\/\"]}]},{\"@type\":\"BreadcrumbList\",\"@id\":\"https:\/\/pulsgeneracije.rs\/donacije\/#breadcrumb\",\"itemListElement\":[{\"@type\":\"ListItem\",\"position\":1,\"name\":\"Home\",\"item\":\"https:\/\/pulsgeneracije.rs\/\"},{\"@type\":\"ListItem\",\"position\":2,\"name\":\"Donacije\"}]},{\"@type\":\"WebSite\",\"@id\":\"https:\/\/pulsgeneracije.rs\/#website\",\"url\":\"https:\/\/pulsgeneracije.rs\/\",\"name\":\"Puls Generacije\",\"description\":\"Sirov kadar protiv montirane stvarnosti\",\"publisher\":{\"@id\":\"https:\/\/pulsgeneracije.rs\/#organization\"},\"potentialAction\":[{\"@type\":\"SearchAction\",\"target\":{\"@type\":\"EntryPoint\",\"urlTemplate\":\"https:\/\/pulsgeneracije.rs\/?s={search_term_string}\"},\"query-input\":{\"@type\":\"PropertyValueSpecification\",\"valueRequired\":true,\"valueName\":\"search_term_string\"}}],\"inLanguage\":\"en-US\"},{\"@type\":\"Organization\",\"@id\":\"https:\/\/pulsgeneracije.rs\/#organization\",\"name\":\"Puls Generacije\",\"url\":\"https:\/\/pulsgeneracije.rs\/\",\"logo\":{\"@type\":\"ImageObject\",\"inLanguage\":\"en-US\",\"@id\":\"https:\/\/pulsgeneracije.rs\/#\/schema\/logo\/image\/\",\"url\":\"https:\/\/pulsgeneracije.rs\/wp-content\/uploads\/2025\/08\/Screenshot_4-removebg-preview.png\",\"contentUrl\":\"https:\/\/pulsgeneracije.rs\/wp-content\/uploads\/2025\/08\/Screenshot_4-removebg-preview.png\",\"width\":249,\"height\":220,\"caption\":\"Puls Generacije\"},\"image\":{\"@id\":\"https:\/\/pulsgeneracije.rs\/#\/schema\/logo\/image\/\"}}]}<\/script>\n<!-- \/ Yoast SEO plugin. -->","yoast_head_json":{"title":"Donacije - Puls Generacije","description":"Podr\u017eite Puls Generacije - donacije omogu\u0107avaju nezavisno novinarstvo. Bez oglasa, cenzure i kompromisa. Va\u0161a podr\u0161ka = slobodne informacije.","robots":{"index":"index","follow":"follow","max-snippet":"max-snippet:-1","max-image-preview":"max-image-preview:large","max-video-preview":"max-video-preview:-1"},"canonical":"https:\/\/pulsgeneracije.rs\/en\/donacije\/","og_locale":"en_US","og_type":"article","og_title":"Donacije - Puls Generacije","og_description":"Podr\u017eite Puls Generacije - donacije omogu\u0107avaju nezavisno novinarstvo. Bez oglasa, cenzure i kompromisa. Va\u0161a podr\u0161ka = slobodne informacije.","og_url":"https:\/\/pulsgeneracije.rs\/en\/donacije\/","og_site_name":"Puls Generacije","article_modified_time":"2026-03-23T18:16:38+00:00","twitter_card":"summary_large_image","twitter_misc":{"Est. reading time":"1 minute"},"schema":{"@context":"https:\/\/schema.org","@graph":[{"@type":"WebPage","@id":"https:\/\/pulsgeneracije.rs\/donacije\/","url":"https:\/\/pulsgeneracije.rs\/donacije\/","name":"Donacije - Puls Generacije","isPartOf":{"@id":"https:\/\/pulsgeneracije.rs\/#website"},"datePublished":"2026-01-19T00:41:47+00:00","dateModified":"2026-03-23T18:16:38+00:00","description":"Podr\u017eite Puls Generacije - donacije omogu\u0107avaju nezavisno novinarstvo. Bez oglasa, cenzure i kompromisa. Va\u0161a podr\u0161ka = slobodne informacije.","breadcrumb":{"@id":"https:\/\/pulsgeneracije.rs\/donacije\/#breadcrumb"},"inLanguage":"en-US","potentialAction":[{"@type":"ReadAction","target":["https:\/\/pulsgeneracije.rs\/donacije\/"]}]},{"@type":"BreadcrumbList","@id":"https:\/\/pulsgeneracije.rs\/donacije\/#breadcrumb","itemListElement":[{"@type":"ListItem","position":1,"name":"Home","item":"https:\/\/pulsgeneracije.rs\/"},{"@type":"ListItem","position":2,"name":"Donacije"}]},{"@type":"WebSite","@id":"https:\/\/pulsgeneracije.rs\/#website","url":"https:\/\/pulsgeneracije.rs\/","name":"Puls Generacije","description":"Sirov kadar protiv montirane stvarnosti","publisher":{"@id":"https:\/\/pulsgeneracije.rs\/#organization"},"potentialAction":[{"@type":"SearchAction","target":{"@type":"EntryPoint","urlTemplate":"https:\/\/pulsgeneracije.rs\/?s={search_term_string}"},"query-input":{"@type":"PropertyValueSpecification","valueRequired":true,"valueName":"search_term_string"}}],"inLanguage":"en-US"},{"@type":"Organization","@id":"https:\/\/pulsgeneracije.rs\/#organization","name":"Puls Generacije","url":"https:\/\/pulsgeneracije.rs\/","logo":{"@type":"ImageObject","inLanguage":"en-US","@id":"https:\/\/pulsgeneracije.rs\/#\/schema\/logo\/image\/","url":"https:\/\/pulsgeneracije.rs\/wp-content\/uploads\/2025\/08\/Screenshot_4-removebg-preview.png","contentUrl":"https:\/\/pulsgeneracije.rs\/wp-content\/uploads\/2025\/08\/Screenshot_4-removebg-preview.png","width":249,"height":220,"caption":"Puls Generacije"},"image":{"@id":"https:\/\/pulsgeneracije.rs\/#\/schema\/logo\/image\/"}}]}},"_links":{"self":[{"href":"https:\/\/pulsgeneracije.rs\/en\/wp-json\/wp\/v2\/pages\/9547","targetHints":{"allow":["GET"]}}],"collection":[{"href":"https:\/\/pulsgeneracije.rs\/en\/wp-json\/wp\/v2\/pages"}],"about":[{"href":"https:\/\/pulsgeneracije.rs\/en\/wp-json\/wp\/v2\/types\/page"}],"author":[{"embeddable":true,"href":"https:\/\/pulsgeneracije.rs\/en\/wp-json\/wp\/v2\/users\/1"}],"replies":[{"embeddable":true,"href":"https:\/\/pulsgeneracije.rs\/en\/wp-json\/wp\/v2\/comments?post=9547"}],"version-history":[{"count":28,"href":"https:\/\/pulsgeneracije.rs\/en\/wp-json\/wp\/v2\/pages\/9547\/revisions"}],"predecessor-version":[{"id":10338,"href":"https:\/\/pulsgeneracije.rs\/en\/wp-json\/wp\/v2\/pages\/9547\/revisions\/10338"}],"wp:attachment":[{"href":"https:\/\/pulsgeneracije.rs\/en\/wp-json\/wp\/v2\/media?parent=9547"}],"curies":[{"name":"wp","href":"https:\/\/api.w.org\/{rel}","templated":true}]}}